{"id":341,"date":"2023-01-20T09:12:18","date_gmt":"2023-01-20T09:12:18","guid":{"rendered":"http:\/\/www.psbern.ch\/?page_id=341"},"modified":"2023-01-20T09:13:46","modified_gmt":"2023-01-20T09:13:46","slug":"2021-2","status":"publish","type":"page","link":"https:\/\/www.psbern.ch\/index.php\/2021-2\/","title":{"rendered":"2021"},"content":{"rendered":"\t\t<div data-elementor-type=\"wp-page\" data-elementor-id=\"341\" class=\"elementor elementor-341\" data-elementor-settings=\"[]\">\n\t\t\t\t\t\t<div class=\"elementor-inner\">\n\t\t\t\t\t\t\t<div class=\"elementor-section-wrap\">\n\t\t\t\t\t\t\t<section class=\"elementor-section elementor-top-section elementor-element elementor-element-8b8c35a elementor-section-boxed elementor-section-height-default elementor-section-height-default\" data-id=\"8b8c35a\" data-element_type=\"section\">\n\t\t\t\t\t\t<div class=\"elementor-container elementor-column-gap-default\">\n\t\t\t\t\t\t\t<div class=\"elementor-row\">\n\t\t\t\t\t<div class=\"elementor-column elementor-col-100 elementor-top-column elementor-element elementor-element-49d8b60\" data-id=\"49d8b60\" data-element_type=\"column\">\n\t\t\t<div class=\"elementor-column-wrap elementor-element-populated\">\n\t\t\t\t\t\t\t<div class=\"elementor-widget-wrap\">\n\t\t\t\t\t\t<div class=\"elementor-element elementor-element-6077ef4 elementor-widget elementor-widget-text-editor\" data-id=\"6077ef4\" data-element_type=\"widget\" data-widget_type=\"text-editor.default\">\n\t\t\t\t<div class=\"elementor-widget-container\">\n\t\t\t\t\t<div class=\"elementor-text-editor elementor-clearfix\"><P><strong>Escholzmatt LU<\/strong><\/P>\n<P>Wir haben der Kirchgemeinde geholfen, dringende Renovationen durchzuf\u00fchren.<\/P>\n<P><strong>Jenaz GR<\/strong><\/P>\n<P>An die Orgelrevision haben wir einen Beitrag ausgerichtet. <\/P>\n<P><strong>Tourismuspfarrstelle Oberwallis<\/strong><\/P>\n<P>Damit helfen wir mit, eine Teilzeitstelle zu finanzieren und reformierte Gottesdienste in Kurorten durchzuf\u00fchren.<\/P>\n<P><strong>Innertkirchen<\/strong><\/P>\n<P>Ein Filmprojekt \u00fcber die drei Kirchgemeinden Gadmen, Guttannen und Innertkirchen haben wir unterst\u00fctzt.<\/P>\n<P><strong>GAW-Stipendium<\/strong><\/P>\n<P>Das deutsche Gustav-Adolf-Werk l\u00e4dt j\u00e4hrlich ausl\u00e4ndische Studenten f\u00fcr ein Jahr nach Leipzig ein. Es \u00f6ffnet ihnen den Horizont. <\/P>\n<P><strong>Osteuropa<\/strong><\/P>\n<P>In Ungarn an der Grenze zur Ukraine haben wir eine Sozialk\u00fcche unterst\u00fctzt. 2022 wurde sie wichtig bei der Aufnahme von Fl\u00fcchtlingen aus der Ukraine. Dazu haben wir in einem Behindertenferiendorf in Siebenb\u00fcrgen eine Heizung ersetzt. <\/P><\/div>\n\t\t\t\t<\/div>\n\t\t\t\t<\/div>\n\t\t\t\t\t\t<\/div>\n\t\t\t\t\t<\/div>\n\t\t<\/div>\n\t\t\t\t\t\t\t\t<\/div>\n\t\t\t\t\t<\/div>\n\t\t<\/section>\n\t\t\t\t\t\t<\/div>\n\t\t\t\t\t\t<\/div>\n\t\t\t\t\t<\/div>\n\t\t","protected":false},"excerpt":{"rendered":"<p>Escholzmatt LU Wir haben der Kirchgemeinde geholfen, dringende Renovationen durchzuf\u00fchren. Jenaz GR An die Orgelrevision haben wir einen Beitrag ausgerichtet. Tourismuspfarrstelle Oberwallis Damit helfen wir mit, eine Teilzeitstelle zu finanzieren und reformierte Gottesdienste in Kurorten durchzuf\u00fchren. Innertkirchen Ein Filmprojekt \u00fcber die drei Kirchgemeinden Gadmen, Guttannen und Innertkirchen haben wir unterst\u00fctzt. GAW-Stipendium Das deutsche Gustav-Adolf-Werk l\u00e4dt j\u00e4hrlich ausl\u00e4ndische Studenten f\u00fcr ein Jahr nach Leipzig ein. Es \u00f6ffnet ihnen den Horizont. Osteuropa In Ungarn an der Grenze zur Ukraine haben wir eine Sozialk\u00fcche unterst\u00fctzt. 2022 wurde sie wichtig bei der Aufnahme von Fl\u00fcchtlingen aus der Ukraine. Dazu haben wir in einem Behindertenferiendorf in Siebenb\u00fcrgen eine Heizung ersetzt.<\/p>\n","protected":false},"author":1,"featured_media":0,"parent":0,"menu_order":0,"comment_status":"closed","ping_status":"closed","template":"","meta":{"footnotes":""},"_links":{"self":[{"href":"https:\/\/www.psbern.ch\/index.php\/wp-json\/wp\/v2\/pages\/341"}],"collection":[{"href":"https:\/\/www.psbern.ch\/index.php\/wp-json\/wp\/v2\/pages"}],"about":[{"href":"https:\/\/www.psbern.ch\/index.php\/wp-json\/wp\/v2\/types\/page"}],"author":[{"embeddable":true,"href":"https:\/\/www.psbern.ch\/index.php\/wp-json\/wp\/v2\/users\/1"}],"replies":[{"embeddable":true,"href":"https:\/\/www.psbern.ch\/index.php\/wp-json\/wp\/v2\/comments?post=341"}],"version-history":[{"count":4,"href":"https:\/\/www.psbern.ch\/index.php\/wp-json\/wp\/v2\/pages\/341\/revisions"}],"predecessor-version":[{"id":345,"href":"https:\/\/www.psbern.ch\/index.php\/wp-json\/wp\/v2\/pages\/341\/revisions\/345"}],"wp:attachment":[{"href":"https:\/\/www.psbern.ch\/index.php\/wp-json\/wp\/v2\/media?parent=341"}],"curies":[{"name":"wp","href":"https:\/\/api.w.org\/{rel}","templated":true}]}}