{"id":346,"date":"2023-01-20T09:17:52","date_gmt":"2023-01-20T09:17:52","guid":{"rendered":"http:\/\/www.psbern.ch\/?page_id=346"},"modified":"2023-01-20T09:19:43","modified_gmt":"2023-01-20T09:19:43","slug":"2022-2","status":"publish","type":"page","link":"https:\/\/www.psbern.ch\/index.php\/2022-2\/","title":{"rendered":"2022"},"content":{"rendered":"\t\t<div data-elementor-type=\"wp-page\" data-elementor-id=\"346\" class=\"elementor elementor-346\" data-elementor-settings=\"[]\">\n\t\t\t\t\t\t<div class=\"elementor-inner\">\n\t\t\t\t\t\t\t<div class=\"elementor-section-wrap\">\n\t\t\t\t\t\t\t<section class=\"elementor-section elementor-top-section elementor-element elementor-element-227305f elementor-section-boxed elementor-section-height-default elementor-section-height-default\" data-id=\"227305f\" data-element_type=\"section\">\n\t\t\t\t\t\t<div class=\"elementor-container elementor-column-gap-default\">\n\t\t\t\t\t\t\t<div class=\"elementor-row\">\n\t\t\t\t\t<div class=\"elementor-column elementor-col-100 elementor-top-column elementor-element elementor-element-256c576\" data-id=\"256c576\" data-element_type=\"column\">\n\t\t\t<div class=\"elementor-column-wrap elementor-element-populated\">\n\t\t\t\t\t\t\t<div class=\"elementor-widget-wrap\">\n\t\t\t\t\t\t<div class=\"elementor-element elementor-element-8dcac51 elementor-widget elementor-widget-text-editor\" data-id=\"8dcac51\" data-element_type=\"widget\" data-widget_type=\"text-editor.default\">\n\t\t\t\t<div class=\"elementor-widget-container\">\n\t\t\t\t\t<div class=\"elementor-text-editor elementor-clearfix\"><p><strong>Osteuropa<\/strong><\/p><p>Wir haben einen Beitrag zur Starthilfe an ein Sozialprojekt in Siebenb\u00fcrgen geleistet und diverse kleine Projekte in Ungarn unterst\u00fctzt.<\/p><p><strong>Tourismuspfarrstelle Oberwallis<\/strong><\/p><p>Damit helfen wir mit, eine Teilzeitstelle zu finanzieren und reformierte Gottesdienste in Kurorten durchzuf\u00fchren.<\/p><p><strong>Unterrichtsfonds der evang.-ref. Kirche im Kanton Tessin<\/strong><\/p><p>Der Religionsunterricht an den \u00f6ffentlichen Schulen ist wie ein Fenster zur reformierten Bev\u00f6lkerung, deren Konfession die Gemeinden nicht mitteilen. Die Kosten daf\u00fcr tr\u00e4gt die Tessinerkirche.<\/p><p><strong>Evang.-ref. Kirche im Kanton Tessin<\/strong><\/p><p>Wir haben geholfen ein Medienprojekt zu starten, das ein wichtiges Bindeglied in der Coronazeit wurde.<\/p><p><strong>M\u00f4tiers NE, Mollis GL, Schiers GR<\/strong><\/p><p>Wir haben die Kirchenrenovationen der drei Kirchen unterst\u00fctzt<\/p><p><strong>GAW-Stipendium<\/strong><\/p><p>Das deutsche Gustav-Adolf-Werk l\u00e4dt j\u00e4hrlich ausl\u00e4ndische Studenten f\u00fcr ein Jahr nach Leipzig ein. Es \u00f6ffnet ihnen den Horizont.<\/p><\/div>\n\t\t\t\t<\/div>\n\t\t\t\t<\/div>\n\t\t\t\t\t\t<\/div>\n\t\t\t\t\t<\/div>\n\t\t<\/div>\n\t\t\t\t\t\t\t\t<\/div>\n\t\t\t\t\t<\/div>\n\t\t<\/section>\n\t\t\t\t\t\t<\/div>\n\t\t\t\t\t\t<\/div>\n\t\t\t\t\t<\/div>\n\t\t","protected":false},"excerpt":{"rendered":"<p>Osteuropa Wir haben einen Beitrag zur Starthilfe an ein Sozialprojekt in Siebenb\u00fcrgen geleistet und diverse kleine Projekte in Ungarn unterst\u00fctzt. Tourismuspfarrstelle Oberwallis Damit helfen wir mit, eine Teilzeitstelle zu finanzieren und reformierte Gottesdienste in Kurorten durchzuf\u00fchren. Unterrichtsfonds der evang.-ref. Kirche im Kanton Tessin Der Religionsunterricht an den \u00f6ffentlichen Schulen ist wie ein Fenster zur reformierten Bev\u00f6lkerung, deren Konfession die Gemeinden nicht mitteilen. Die Kosten daf\u00fcr tr\u00e4gt die Tessinerkirche. Evang.-ref. Kirche im Kanton Tessin Wir haben geholfen ein Medienprojekt zu starten, das ein wichtiges Bindeglied in der Coronazeit wurde. M\u00f4tiers NE, Mollis GL, Schiers GR Wir haben die Kirchenrenovationen der drei Kirchen unterst\u00fctzt GAW-Stipendium Das deutsche Gustav-Adolf-Werk l\u00e4dt j\u00e4hrlich ausl\u00e4ndische Studenten f\u00fcr ein Jahr nach Leipzig ein. Es \u00f6ffnet ihnen den Horizont.<\/p>\n","protected":false},"author":1,"featured_media":0,"parent":0,"menu_order":0,"comment_status":"closed","ping_status":"closed","template":"","meta":{"footnotes":""},"_links":{"self":[{"href":"https:\/\/www.psbern.ch\/index.php\/wp-json\/wp\/v2\/pages\/346"}],"collection":[{"href":"https:\/\/www.psbern.ch\/index.php\/wp-json\/wp\/v2\/pages"}],"about":[{"href":"https:\/\/www.psbern.ch\/index.php\/wp-json\/wp\/v2\/types\/page"}],"author":[{"embeddable":true,"href":"https:\/\/www.psbern.ch\/index.php\/wp-json\/wp\/v2\/users\/1"}],"replies":[{"embeddable":true,"href":"https:\/\/www.psbern.ch\/index.php\/wp-json\/wp\/v2\/comments?post=346"}],"version-history":[{"count":5,"href":"https:\/\/www.psbern.ch\/index.php\/wp-json\/wp\/v2\/pages\/346\/revisions"}],"predecessor-version":[{"id":381,"href":"https:\/\/www.psbern.ch\/index.php\/wp-json\/wp\/v2\/pages\/346\/revisions\/381"}],"wp:attachment":[{"href":"https:\/\/www.psbern.ch\/index.php\/wp-json\/wp\/v2\/media?parent=346"}],"curies":[{"name":"wp","href":"https:\/\/api.w.org\/{rel}","templated":true}]}}