{"id":407,"date":"2024-11-27T08:57:44","date_gmt":"2024-11-27T08:57:44","guid":{"rendered":"https:\/\/www.psbern.ch\/?page_id=407"},"modified":"2025-12-12T14:49:14","modified_gmt":"2025-12-12T14:49:14","slug":"2024-2","status":"publish","type":"page","link":"https:\/\/www.psbern.ch\/index.php\/2024-2\/","title":{"rendered":"2024"},"content":{"rendered":"\t\t<div data-elementor-type=\"wp-page\" data-elementor-id=\"407\" class=\"elementor elementor-407\" data-elementor-settings=\"[]\">\n\t\t\t\t\t\t<div class=\"elementor-inner\">\n\t\t\t\t\t\t\t<div class=\"elementor-section-wrap\">\n\t\t\t\t\t\t\t<section class=\"elementor-section elementor-top-section elementor-element elementor-element-a1b7ba8 elementor-section-boxed elementor-section-height-default elementor-section-height-default\" data-id=\"a1b7ba8\" data-element_type=\"section\">\n\t\t\t\t\t\t<div class=\"elementor-container elementor-column-gap-default\">\n\t\t\t\t\t\t\t<div class=\"elementor-row\">\n\t\t\t\t\t<div class=\"elementor-column elementor-col-100 elementor-top-column elementor-element elementor-element-7ca77d9\" data-id=\"7ca77d9\" data-element_type=\"column\">\n\t\t\t<div class=\"elementor-column-wrap elementor-element-populated\">\n\t\t\t\t\t\t\t<div class=\"elementor-widget-wrap\">\n\t\t\t\t\t\t<div class=\"elementor-element elementor-element-e202fc7 elementor-widget elementor-widget-text-editor\" data-id=\"e202fc7\" data-element_type=\"widget\" data-widget_type=\"text-editor.default\">\n\t\t\t\t<div class=\"elementor-widget-container\">\n\t\t\t\t\t<div class=\"elementor-text-editor elementor-clearfix\"><p><strong>Franz\u00f6sische Kirche Bern<\/strong><\/p><p>Beitrag an B\u00fchnenorgel<\/p><p><strong>Cevi Region Bern<\/strong><\/p><p>Unterst\u00fctzung f\u00fcr Regionales Pfingstlager 2024 \u00abDock 24\u00bb in Herzogenbuchsee<\/p><p><strong>Pfr. Dr. Andreas Zeller<br \/><\/strong><\/p><p>Druckkostenzuschuss an das Buch \u00abAuf das Wesentliche reduziert. Die Liberalen in der reformierten Berner Kirche 1981 \u2013 2021\u00bb<\/p><p><strong>Stiftung Pfarrsolidarit\u00e4tsfonds<\/strong><\/p><p>Beitrag an Ausgleich von Lohndifferenzen bei Pfarrpersonen in den Kantonen Genf, Tessin und Neuenburg<\/p><p><strong>Reformierte Kirchgemeinde Oberwil i.S.<\/strong><\/p><p>Beitrag an die Sanierung des Kirchturms der Dorfkirche<\/p><p><strong>Reformierte Kirche im Kanton Tessin CERT<\/strong><\/p><p>Unterst\u00fctzung f\u00fcr den Religionsunterricht an den \u00f6ffentlichen Primarschulen im Kanton Tessin<br \/><br \/>Mitfinanzierung der reformierten Seelsorge im Bundesasylzentrum (BAZ) in Chiasso<\/p><p><strong>Stiftung CSI-Schweiz<\/strong><\/p><p>Beitrag an Rehabilitationszentrum f\u00fcr aus dem Menschenhandel befreite M\u00e4dchen in Indien im Jahr 2025<\/p><p><strong>Theologischer Verlag Z\u00fcrich (tvz)<br \/><\/strong><\/p><p>Beitrag an das Buchprojekt \u00abKurt Marti \u2013 Ihm glaube ich Gott \u2013 \u00dcber Jesus\u00bb von Bigna Hauser und Andreas Mauz<\/p><p><strong>Osteuropa<\/strong><\/p><p>Unterst\u00fctzung von Projekten in Ost-Mitteleuropa (Vilm\u00e0ny\/HU und Belec\/CZ)<br \/><br \/>Ukraine-Hilfe, Ersatz Wasserleitungen G\u00e4stehaus Beregovo\/ Beregsz\u00e0sz<br \/><br \/>Beitrag an Erfahrungsaustausch von Ungarisch Reformierten mit Sizilien und Waldensern<\/p><\/div>\n\t\t\t\t<\/div>\n\t\t\t\t<\/div>\n\t\t\t\t\t\t<\/div>\n\t\t\t\t\t<\/div>\n\t\t<\/div>\n\t\t\t\t\t\t\t\t<\/div>\n\t\t\t\t\t<\/div>\n\t\t<\/section>\n\t\t\t\t\t\t<\/div>\n\t\t\t\t\t\t<\/div>\n\t\t\t\t\t<\/div>\n\t\t","protected":false},"excerpt":{"rendered":"<p>Franz\u00f6sische Kirche Bern Beitrag an B\u00fchnenorgel Cevi Region Bern Unterst\u00fctzung f\u00fcr Regionales Pfingstlager 2024 \u00abDock 24\u00bb in Herzogenbuchsee Pfr. Dr. Andreas Zeller Druckkostenzuschuss an das Buch \u00abAuf das Wesentliche reduziert. Die Liberalen in der reformierten Berner Kirche 1981 \u2013 2021\u00bb Stiftung Pfarrsolidarit\u00e4tsfonds Beitrag an Ausgleich von Lohndifferenzen bei Pfarrpersonen in den Kantonen Genf, Tessin und Neuenburg Reformierte Kirchgemeinde Oberwil i.S. Beitrag an die Sanierung des Kirchturms der Dorfkirche Reformierte Kirche im Kanton Tessin CERT Unterst\u00fctzung f\u00fcr den Religionsunterricht an den \u00f6ffentlichen Primarschulen im Kanton Tessin Mitfinanzierung der reformierten Seelsorge im Bundesasylzentrum (BAZ) in Chiasso Stiftung CSI-Schweiz Beitrag an Rehabilitationszentrum f\u00fcr aus dem Menschenhandel befreite M\u00e4dchen in Indien im Jahr 2025 Theologischer Verlag Z\u00fcrich (tvz) Beitrag an das Buchprojekt \u00abKurt Marti \u2013 Ihm glaube ich Gott \u2013 \u00dcber Jesus\u00bb von Bigna Hauser und Andreas Mauz Osteuropa Unterst\u00fctzung von Projekten in Ost-Mitteleuropa (Vilm\u00e0ny\/HU und Belec\/CZ) Ukraine-Hilfe, Ersatz Wasserleitungen G\u00e4stehaus Beregovo\/ Beregsz\u00e0sz Beitrag an Erfahrungsaustausch von Ungarisch Reformierten mit Sizilien und Waldensern<\/p>\n","protected":false},"author":2,"featured_media":0,"parent":0,"menu_order":0,"comment_status":"closed","ping_status":"closed","template":"","meta":{"footnotes":""},"_links":{"self":[{"href":"https:\/\/www.psbern.ch\/index.php\/wp-json\/wp\/v2\/pages\/407"}],"collection":[{"href":"https:\/\/www.psbern.ch\/index.php\/wp-json\/wp\/v2\/pages"}],"about":[{"href":"https:\/\/www.psbern.ch\/index.php\/wp-json\/wp\/v2\/types\/page"}],"author":[{"embeddable":true,"href":"https:\/\/www.psbern.ch\/index.php\/wp-json\/wp\/v2\/users\/2"}],"replies":[{"embeddable":true,"href":"https:\/\/www.psbern.ch\/index.php\/wp-json\/wp\/v2\/comments?post=407"}],"version-history":[{"count":13,"href":"https:\/\/www.psbern.ch\/index.php\/wp-json\/wp\/v2\/pages\/407\/revisions"}],"predecessor-version":[{"id":426,"href":"https:\/\/www.psbern.ch\/index.php\/wp-json\/wp\/v2\/pages\/407\/revisions\/426"}],"wp:attachment":[{"href":"https:\/\/www.psbern.ch\/index.php\/wp-json\/wp\/v2\/media?parent=407"}],"curies":[{"name":"wp","href":"https:\/\/api.w.org\/{rel}","templated":true}]}}