{"id":444,"date":"2025-12-12T14:53:10","date_gmt":"2025-12-12T14:53:10","guid":{"rendered":"https:\/\/www.psbern.ch\/?page_id=444"},"modified":"2025-12-12T15:01:25","modified_gmt":"2025-12-12T15:01:25","slug":"2025-2","status":"publish","type":"page","link":"https:\/\/www.psbern.ch\/index.php\/2025-2\/","title":{"rendered":"2025"},"content":{"rendered":"\t\t<div data-elementor-type=\"wp-page\" data-elementor-id=\"444\" class=\"elementor elementor-444\" data-elementor-settings=\"[]\">\n\t\t\t\t\t\t<div class=\"elementor-inner\">\n\t\t\t\t\t\t\t<div class=\"elementor-section-wrap\">\n\t\t\t\t\t\t\t<section class=\"elementor-section elementor-top-section elementor-element elementor-element-8bee6d9 elementor-section-boxed elementor-section-height-default elementor-section-height-default\" data-id=\"8bee6d9\" data-element_type=\"section\">\n\t\t\t\t\t\t<div class=\"elementor-container elementor-column-gap-default\">\n\t\t\t\t\t\t\t<div class=\"elementor-row\">\n\t\t\t\t\t<div class=\"elementor-column elementor-col-100 elementor-top-column elementor-element elementor-element-397e6075\" data-id=\"397e6075\" data-element_type=\"column\">\n\t\t\t<div class=\"elementor-column-wrap elementor-element-populated\">\n\t\t\t\t\t\t\t<div class=\"elementor-widget-wrap\">\n\t\t\t\t\t\t<div class=\"elementor-element elementor-element-7d47d6a1 elementor-widget elementor-widget-text-editor\" data-id=\"7d47d6a1\" data-element_type=\"widget\" data-widget_type=\"text-editor.default\">\n\t\t\t\t<div class=\"elementor-widget-container\">\n\t\t\t\t\t<div class=\"elementor-text-editor elementor-clearfix\"><p><!-- wp:paragraph --><\/p>\n<p><strong>Verein Berner Orgelfreunde<\/strong><\/p>\n<p><!-- \/wp:paragraph --><\/p>\n<p><!-- wp:paragraph --><\/p>\n<p>Beitrag Sponsoring Benefizkonzerte zugunsten Orgel Heiliggeistkirche Bern<\/p>\n<p><!-- \/wp:paragraph --><\/p>\n<p><!-- wp:paragraph --><\/p>\n<p><strong>Bernische Waldenserhilfe<\/strong><\/p>\n<p><!-- \/wp:paragraph --><\/p>\n<p><!-- wp:paragraph --><\/p>\n<p>Unterst\u00fctzung zugunsten der Chiesa Valdese in Italien<\/p>\n<p><!-- \/wp:paragraph --><\/p>\n<p><!-- wp:paragraph --><\/p>\n<p><strong>Eglise r\u00e9form\u00e9e \u00e9vang\u00e9lique du Canton de Neuch\u00e2tel<\/strong><\/p>\n<p><!-- \/wp:paragraph --><\/p>\n<p><!-- wp:paragraph --><\/p>\n<p>Beitr\u00e4ge an Projekte \u00abInterparochialer Dienst f\u00fcr die Begleitung der Jugend\u00bb und \u00abInterparochialer Dienst zur Begleitung von Trauernden\u00bb<\/p>\n<p><!-- \/wp:paragraph --><\/p>\n<p><!-- wp:paragraph --><\/p>\n<p><strong>Protestantische Solidarit\u00e4t Schaffhausen<\/strong><\/p>\n<p><!-- \/wp:paragraph --><\/p>\n<p><!-- wp:paragraph --><\/p>\n<p>Beitrag f\u00fcr das Jahr 2025 zugunsten Reformierter Kirchgemeinde von Locarno und Umgebung CERL zur Behebung von Hagelsch\u00e4den infolge des Unwetters vom 25. August 2023<\/p>\n<p><!-- \/wp:paragraph --><\/p>\n<p><!-- wp:paragraph --><\/p>\n<p><strong>Reformierte Kirche im Kanton Tessin CERT<\/strong><\/p>\n<p><!-- \/wp:paragraph --><\/p>\n<p><!-- wp:paragraph --><\/p>\n<p>Beitrag an die Sanierung des Kirchturms der Dorfkirche<\/p>\n<p><!-- \/wp:paragraph --><\/p>\n<p><!-- wp:paragraph --><\/p>\n<p><strong>Tourismuspfarrstelle Oberwallis<\/strong><\/p>\n<p><!-- \/wp:paragraph --><\/p>\n<p><!-- wp:paragraph --><\/p>\n<p>UMitfinanzierung einer Teilzeitstelle sowie die Durchf\u00fchrung von reformierten Gottesdiensten in Kurorten<\/p>\n<p><!-- \/wp:paragraph --><\/p>\n<p><!-- wp:paragraph --><\/p>\n<p><strong>Gustav-Adolf-Werk, Leipzig<\/strong><\/p>\n<p><!-- \/wp:paragraph --><\/p>\n<p><!-- wp:paragraph --><\/p>\n<p>Beitrag an Studien- und Stipendienprogramm<\/p>\n<p><!-- \/wp:paragraph --><\/p>\n<p><!-- wp:paragraph --><\/p>\n<p><strong>Bigna Hauser<\/strong><\/p>\n<p><!-- \/wp:paragraph --><\/p>\n<p><!-- wp:paragraph --><\/p>\n<p>Beitrag an das Buchprojekt \u00abKurt Marti \u2013 Leichenreden\u00bb, Wallstein Verlag AG, D-G\u00f6ttingen<\/p>\n<p><!-- \/wp:paragraph --><\/p>\n<p><!-- wp:paragraph --><\/p>\n<p><strong>Simon Kuert<\/strong><\/p>\n<p><!-- \/wp:paragraph --><\/p>\n<p><!-- wp:paragraph --><\/p>\n<p>Beitrag an das Buchprojekt \u00abHoffnung auf Freiheit. Der Bauernkrieg von 1525\u00bb<\/p>\n<p><!-- \/wp:paragraph --><\/p>\n<p><!-- wp:paragraph --><\/p>\n<p><strong>Nico Tobias Sieber<\/strong><\/p>\n<p><!-- \/wp:paragraph --><\/p>\n<p><!-- wp:paragraph --><\/p>\n<p>Beitrag an das Buchprojekt \u00abDie Blumen des St. Nikolaus\u00bb; Weber Verlag, Thun<\/p>\n<p><!-- \/wp:paragraph --><\/p>\n<p><!-- wp:paragraph --><\/p>\n<p><strong>Toni Zulauf<\/strong><\/p>\n<p><!-- \/wp:paragraph --><\/p>\n<p><!-- wp:paragraph --><\/p>\n<p>Projekt \u00abWort zum Tag\u00bb<\/p>\n<p><!-- \/wp:paragraph --><\/p>\n<p><!-- wp:paragraph --><\/p>\n<p><strong>Osteuropa<\/strong><\/p>\n<p><!-- \/wp:paragraph --><\/p>\n<p><!-- wp:paragraph --><\/p>\n<p>Unterst\u00fctzung Neubau der betriebseigenen W\u00e4scherei im \u00abHaus der Vers\u00f6hnung\u00bb in Berekf\u00fcrd\u00f6\/Ungarn Beitrag Glockenreparatur Reformierte Kirchgemeinde P\u00e9csv\u00e0rad, S\u00fcdungarn<\/p>\n<p><!-- \/wp:paragraph --><\/p><\/div>\n\t\t\t\t<\/div>\n\t\t\t\t<\/div>\n\t\t\t\t\t\t<\/div>\n\t\t\t\t\t<\/div>\n\t\t<\/div>\n\t\t\t\t\t\t\t\t<\/div>\n\t\t\t\t\t<\/div>\n\t\t<\/section>\n\t\t\t\t\t\t<\/div>\n\t\t\t\t\t\t<\/div>\n\t\t\t\t\t<\/div>\n\t\t","protected":false},"excerpt":{"rendered":"<p>Verein Berner Orgelfreunde Beitrag Sponsoring Benefizkonzerte zugunsten Orgel Heiliggeistkirche Bern Bernische Waldenserhilfe Unterst\u00fctzung zugunsten der Chiesa Valdese in Italien Eglise r\u00e9form\u00e9e \u00e9vang\u00e9lique du Canton de Neuch\u00e2tel Beitr\u00e4ge an Projekte \u00abInterparochialer Dienst f\u00fcr die Begleitung der Jugend\u00bb und \u00abInterparochialer Dienst zur Begleitung von Trauernden\u00bb Protestantische Solidarit\u00e4t Schaffhausen Beitrag f\u00fcr das Jahr 2025 zugunsten Reformierter Kirchgemeinde von Locarno und Umgebung CERL zur Behebung von Hagelsch\u00e4den infolge des Unwetters vom 25. August 2023 Reformierte Kirche im Kanton Tessin CERT Beitrag an die Sanierung des Kirchturms der Dorfkirche Tourismuspfarrstelle Oberwallis UMitfinanzierung einer Teilzeitstelle sowie die Durchf\u00fchrung von reformierten Gottesdiensten in Kurorten Gustav-Adolf-Werk, Leipzig Beitrag an Studien- und Stipendienprogramm Bigna Hauser Beitrag an das Buchprojekt \u00abKurt Marti \u2013 Leichenreden\u00bb, Wallstein Verlag AG, D-G\u00f6ttingen Simon Kuert Beitrag an das Buchprojekt \u00abHoffnung auf Freiheit. Der Bauernkrieg von 1525\u00bb Nico Tobias Sieber Beitrag an das Buchprojekt \u00abDie Blumen des St. Nikolaus\u00bb; Weber Verlag, Thun Toni Zulauf Projekt \u00abWort zum Tag\u00bb Osteuropa Unterst\u00fctzung Neubau der betriebseigenen W\u00e4scherei im \u00abHaus der Vers\u00f6hnung\u00bb in Berekf\u00fcrd\u00f6\/Ungarn Beitrag Glockenreparatur Reformierte Kirchgemeinde P\u00e9csv\u00e0rad, S\u00fcdungarn<\/p>\n","protected":false},"author":2,"featured_media":0,"parent":0,"menu_order":0,"comment_status":"closed","ping_status":"closed","template":"","meta":{"footnotes":""},"_links":{"self":[{"href":"https:\/\/www.psbern.ch\/index.php\/wp-json\/wp\/v2\/pages\/444"}],"collection":[{"href":"https:\/\/www.psbern.ch\/index.php\/wp-json\/wp\/v2\/pages"}],"about":[{"href":"https:\/\/www.psbern.ch\/index.php\/wp-json\/wp\/v2\/types\/page"}],"author":[{"embeddable":true,"href":"https:\/\/www.psbern.ch\/index.php\/wp-json\/wp\/v2\/users\/2"}],"replies":[{"embeddable":true,"href":"https:\/\/www.psbern.ch\/index.php\/wp-json\/wp\/v2\/comments?post=444"}],"version-history":[{"count":7,"href":"https:\/\/www.psbern.ch\/index.php\/wp-json\/wp\/v2\/pages\/444\/revisions"}],"predecessor-version":[{"id":452,"href":"https:\/\/www.psbern.ch\/index.php\/wp-json\/wp\/v2\/pages\/444\/revisions\/452"}],"wp:attachment":[{"href":"https:\/\/www.psbern.ch\/index.php\/wp-json\/wp\/v2\/media?parent=444"}],"curies":[{"name":"wp","href":"https:\/\/api.w.org\/{rel}","templated":true}]}}