{"id":63,"date":"2019-12-27T20:57:03","date_gmt":"2019-12-27T20:57:03","guid":{"rendered":"http:\/\/www.psbern.ch\/?page_id=63"},"modified":"2023-01-20T09:30:40","modified_gmt":"2023-01-20T09:30:40","slug":"protestantische-solidaritaet-frueher-bis-heute","status":"publish","type":"page","link":"https:\/\/www.psbern.ch\/index.php\/protestantische-solidaritaet-frueher-bis-heute\/","title":{"rendered":"Protestantische Solidarit\u00e4t fr\u00fcher bis heute"},"content":{"rendered":"\t\t<div data-elementor-type=\"wp-page\" data-elementor-id=\"63\" class=\"elementor elementor-63\" data-elementor-settings=\"[]\">\n\t\t\t\t\t\t<div class=\"elementor-inner\">\n\t\t\t\t\t\t\t<div class=\"elementor-section-wrap\">\n\t\t\t\t\t\t\t<section class=\"elementor-section elementor-top-section elementor-element elementor-element-e5eb8ca elementor-section-boxed elementor-section-height-default elementor-section-height-default\" data-id=\"e5eb8ca\" data-element_type=\"section\">\n\t\t\t\t\t\t<div class=\"elementor-container elementor-column-gap-default\">\n\t\t\t\t\t\t\t<div class=\"elementor-row\">\n\t\t\t\t\t<div class=\"elementor-column elementor-col-100 elementor-top-column elementor-element elementor-element-29553ed\" data-id=\"29553ed\" data-element_type=\"column\">\n\t\t\t<div class=\"elementor-column-wrap elementor-element-populated\">\n\t\t\t\t\t\t\t<div class=\"elementor-widget-wrap\">\n\t\t\t\t\t\t<div class=\"elementor-element elementor-element-576851b elementor-widget elementor-widget-spacer\" data-id=\"576851b\" data-element_type=\"widget\" data-widget_type=\"spacer.default\">\n\t\t\t\t<div class=\"elementor-widget-container\">\n\t\t\t\t\t<div class=\"elementor-spacer\">\n\t\t\t<div class=\"elementor-spacer-inner\"><\/div>\n\t\t<\/div>\n\t\t\t\t<\/div>\n\t\t\t\t<\/div>\n\t\t\t\t<div class=\"elementor-element elementor-element-17e92e2 elementor-widget elementor-widget-text-editor\" data-id=\"17e92e2\" data-element_type=\"widget\" data-widget_type=\"text-editor.default\">\n\t\t\t\t<div class=\"elementor-widget-container\">\n\t\t\t\t\t<div class=\"elementor-text-editor elementor-clearfix\"><p>Die Protestantische Solidarit\u00e4t Bern wurde 1843 als \u201eProtestantisch-kirchlicher Hilfsverein Bern\u201c gegr\u00fcndet, mit dem Ziel, der reformierten Bev\u00f6lkerung in katholischen Gebieten (Diaspora) zu helfen.<\/p><\/div>\n\t\t\t\t<\/div>\n\t\t\t\t<\/div>\n\t\t\t\t\t\t<\/div>\n\t\t\t\t\t<\/div>\n\t\t<\/div>\n\t\t\t\t\t\t\t\t<\/div>\n\t\t\t\t\t<\/div>\n\t\t<\/section>\n\t\t\t\t<section class=\"elementor-section elementor-top-section elementor-element elementor-element-010f7a2 elementor-section-boxed elementor-section-height-default elementor-section-height-default\" data-id=\"010f7a2\" data-element_type=\"section\">\n\t\t\t\t\t\t<div class=\"elementor-container elementor-column-gap-default\">\n\t\t\t\t\t\t\t<div class=\"elementor-row\">\n\t\t\t\t\t<div class=\"elementor-column elementor-col-50 elementor-top-column elementor-element elementor-element-a82f0f8\" data-id=\"a82f0f8\" data-element_type=\"column\">\n\t\t\t<div class=\"elementor-column-wrap elementor-element-populated\">\n\t\t\t\t\t\t\t<div class=\"elementor-widget-wrap\">\n\t\t\t\t\t\t<div class=\"elementor-element elementor-element-1f37f11 elementor-widget elementor-widget-image\" data-id=\"1f37f11\" data-element_type=\"widget\" data-widget_type=\"image.default\">\n\t\t\t\t<div class=\"elementor-widget-container\">\n\t\t\t\t\t<div class=\"elementor-image\">\n\t\t\t\t\t\t\t<figure class=\"wp-caption\">\n\t\t\t\t\t\t\t\t\t\t<img loading=\"lazy\" decoding=\"async\" width=\"960\" height=\"720\" src=\"https:\/\/www.psbern.ch\/wp-content\/uploads\/2019\/12\/Foto-8-Jahresbericht-1024x768.jpg\" class=\"attachment-large size-large\" alt=\"\" srcset=\"https:\/\/www.psbern.ch\/wp-content\/uploads\/2019\/12\/Foto-8-Jahresbericht-1024x768.jpg 1024w, https:\/\/www.psbern.ch\/wp-content\/uploads\/2019\/12\/Foto-8-Jahresbericht-300x225.jpg 300w, https:\/\/www.psbern.ch\/wp-content\/uploads\/2019\/12\/Foto-8-Jahresbericht-768x576.jpg 768w, https:\/\/www.psbern.ch\/wp-content\/uploads\/2019\/12\/Foto-8-Jahresbericht-1536x1152.jpg 1536w, https:\/\/www.psbern.ch\/wp-content\/uploads\/2019\/12\/Foto-8-Jahresbericht-2048x1536.jpg 2048w, https:\/\/www.psbern.ch\/wp-content\/uploads\/2019\/12\/Foto-8-Jahresbericht-1140x855.jpg 1140w\" sizes=\"(max-width: 960px) 100vw, 960px\" \/>\t\t\t\t\t\t\t\t\t\t\t<figcaption class=\"widget-image-caption wp-caption-text\">Festschrift zum 175. Jubil\u00e4um<\/figcaption>\n\t\t\t\t\t\t\t\t\t\t<\/figure>\n\t\t\t\t\t<\/div>\n\t\t\t\t<\/div>\n\t\t\t\t<\/div>\n\t\t\t\t\t\t<\/div>\n\t\t\t\t\t<\/div>\n\t\t<\/div>\n\t\t\t\t<div class=\"elementor-column elementor-col-50 elementor-top-column elementor-element elementor-element-8ab3a7b\" data-id=\"8ab3a7b\" data-element_type=\"column\">\n\t\t\t<div class=\"elementor-column-wrap elementor-element-populated\">\n\t\t\t\t\t\t\t<div class=\"elementor-widget-wrap\">\n\t\t\t\t\t\t<div class=\"elementor-element elementor-element-3b890b9 elementor-widget elementor-widget-text-editor\" data-id=\"3b890b9\" data-element_type=\"widget\" data-widget_type=\"text-editor.default\">\n\t\t\t\t<div class=\"elementor-widget-container\">\n\t\t\t\t\t<div class=\"elementor-text-editor elementor-clearfix\"><p>W\u00e4hrend dieser Zeit wurden durch den liberalen Geist die strengen Konfessionsgrenzen gelockert. Es war m\u00f6glich, als Reformierte\/r in katholischen Gebieten zu wohnen, die Schulen waren allerdings dementsprechend katholisch gepr\u00e4gt. So wurde es nicht nur n\u00f6tig, Kirchen zu bauen und Pfarrer zu bezahlen, sondern auch eigene Schulh\u00e4user zu errichten und Lehrer anzustellen. Das Geld daf\u00fcr kam durch Spenden, Kopfbeitr\u00e4ge und Kollekten zusammen.<\/p><p>Gleichzeitig wurden in vielen Kantonen der Schweiz Hilfsvereine gegr\u00fcndet. Jeder Kanton hatte eigene Gebiete, die er betreute. So waren f\u00fcr den Kanton Bern die Kantone Freiburg, Wallis Obwalden und Luzern wichtig.<\/p><\/div>\n\t\t\t\t<\/div>\n\t\t\t\t<\/div>\n\t\t\t\t\t\t<\/div>\n\t\t\t\t\t<\/div>\n\t\t<\/div>\n\t\t\t\t\t\t\t\t<\/div>\n\t\t\t\t\t<\/div>\n\t\t<\/section>\n\t\t\t\t<section class=\"elementor-section elementor-top-section elementor-element elementor-element-4a92f549 elementor-section-boxed elementor-section-height-default elementor-section-height-default\" data-id=\"4a92f549\" data-element_type=\"section\">\n\t\t\t\t\t\t<div class=\"elementor-container elementor-column-gap-default\">\n\t\t\t\t\t\t\t<div class=\"elementor-row\">\n\t\t\t\t\t<div class=\"elementor-column elementor-col-100 elementor-top-column elementor-element elementor-element-50185b8a\" data-id=\"50185b8a\" data-element_type=\"column\">\n\t\t\t<div class=\"elementor-column-wrap elementor-element-populated\">\n\t\t\t\t\t\t\t<div class=\"elementor-widget-wrap\">\n\t\t\t\t\t\t<div class=\"elementor-element elementor-element-61c36b3b elementor-widget elementor-widget-text-editor\" data-id=\"61c36b3b\" data-element_type=\"widget\" data-widget_type=\"text-editor.default\">\n\t\t\t\t<div class=\"elementor-widget-container\">\n\t\t\t\t\t<div class=\"elementor-text-editor elementor-clearfix\"><p><span style=\"letter-spacing: 0px;\">Seit der Reformation hat sich die Berner Regierung f\u00fcr Reformierte in Minderheits- und Verfolgungs-situationen stark engagiert. So f\u00fcr die Waldenser in Italien, die Hugenotten in Frankreich, die Reformierten in Ungarn und die Lutheraner in Deutschland. Diplomaten hielten F\u00fcrsprache f\u00fcr die Verfolgten Glaubensgeschwister und Fl\u00fcchtlinge wurden grossz\u00fcgig aufgenommen.<\/span><\/p><p>Nach der franz\u00f6sischen Revolution und dem liberalen Umsturz im Kanton Bern 1830 bezahlte der Kanton zwar weiterhin die Pfarrergeh\u00e4lter, aber die Kirchgemeinden waren auf sich selbst gestellt. Die Synode und der Synodalrat verf\u00fcgten kaum \u00fcber finanzielle Mittel f\u00fcr zwischenkirchliche Hilfe. Deshalb wurde der Hilfsverein als Fortsetzung der jahrhundertelangen Hilfstradition gegr\u00fcndet.<\/p><p>Dazu ist eine Festschrift erschienen, die bei Hans Tschanz, Tschanz-Treuhand AG,<br \/>Postfach, 3250 Lyss kostenlos bezogen werden kann.<\/p><\/div>\n\t\t\t\t<\/div>\n\t\t\t\t<\/div>\n\t\t\t\t\t\t<\/div>\n\t\t\t\t\t<\/div>\n\t\t<\/div>\n\t\t\t\t\t\t\t\t<\/div>\n\t\t\t\t\t<\/div>\n\t\t<\/section>\n\t\t\t\t<section class=\"elementor-section elementor-top-section elementor-element elementor-element-9aa5629 elementor-section-boxed elementor-section-height-default elementor-section-height-default\" data-id=\"9aa5629\" data-element_type=\"section\">\n\t\t\t\t\t\t<div class=\"elementor-container elementor-column-gap-default\">\n\t\t\t\t\t\t\t<div class=\"elementor-row\">\n\t\t\t\t\t<div class=\"elementor-column elementor-col-100 elementor-top-column elementor-element elementor-element-69b78f3\" data-id=\"69b78f3\" data-element_type=\"column\">\n\t\t\t<div class=\"elementor-column-wrap elementor-element-populated\">\n\t\t\t\t\t\t\t<div class=\"elementor-widget-wrap\">\n\t\t\t\t\t\t<div class=\"elementor-element elementor-element-191d6e7 elementor-widget elementor-widget-spacer\" data-id=\"191d6e7\" data-element_type=\"widget\" data-widget_type=\"spacer.default\">\n\t\t\t\t<div class=\"elementor-widget-container\">\n\t\t\t\t\t<div class=\"elementor-spacer\">\n\t\t\t<div class=\"elementor-spacer-inner\"><\/div>\n\t\t<\/div>\n\t\t\t\t<\/div>\n\t\t\t\t<\/div>\n\t\t\t\t\t\t<\/div>\n\t\t\t\t\t<\/div>\n\t\t<\/div>\n\t\t\t\t\t\t\t\t<\/div>\n\t\t\t\t\t<\/div>\n\t\t<\/section>\n\t\t\t\t\t\t<\/div>\n\t\t\t\t\t\t<\/div>\n\t\t\t\t\t<\/div>\n\t\t","protected":false},"excerpt":{"rendered":"<p>Die Protestantische Solidarit\u00e4t Bern wurde 1843 als \u201eProtestantisch-kirchlicher Hilfsverein Bern\u201c gegr\u00fcndet, mit dem Ziel, der reformierten Bev\u00f6lkerung in katholischen Gebieten (Diaspora) zu helfen. Festschrift zum 175. Jubil\u00e4um W\u00e4hrend dieser Zeit wurden durch den liberalen Geist die strengen Konfessionsgrenzen gelockert. Es war m\u00f6glich, als Reformierte\/r in katholischen Gebieten zu wohnen, die Schulen waren allerdings dementsprechend katholisch gepr\u00e4gt. So wurde es nicht nur n\u00f6tig, Kirchen zu bauen und Pfarrer zu bezahlen, sondern auch eigene Schulh\u00e4user zu errichten und Lehrer anzustellen. Das Geld daf\u00fcr kam durch Spenden, Kopfbeitr\u00e4ge und Kollekten zusammen. Gleichzeitig wurden in vielen Kantonen der Schweiz Hilfsvereine gegr\u00fcndet. Jeder Kanton hatte eigene Gebiete, die er betreute. So waren f\u00fcr den Kanton Bern die Kantone Freiburg, Wallis Obwalden und Luzern wichtig. Seit der Reformation hat sich die Berner Regierung f\u00fcr Reformierte in Minderheits- und Verfolgungs-situationen stark engagiert. So f\u00fcr die Waldenser in Italien, die Hugenotten in Frankreich, die Reformierten in Ungarn und die Lutheraner in Deutschland. Diplomaten hielten F\u00fcrsprache f\u00fcr die Verfolgten Glaubensgeschwister und Fl\u00fcchtlinge wurden grossz\u00fcgig aufgenommen. Nach der franz\u00f6sischen Revolution und dem liberalen Umsturz im Kanton Bern 1830 bezahlte der Kanton zwar weiterhin die Pfarrergeh\u00e4lter, aber die Kirchgemeinden waren auf sich selbst gestellt. Die Synode und der Synodalrat verf\u00fcgten kaum \u00fcber finanzielle Mittel f\u00fcr zwischenkirchliche Hilfe. Deshalb wurde der Hilfsverein als Fortsetzung der jahrhundertelangen Hilfstradition gegr\u00fcndet. Dazu ist eine Festschrift erschienen, die bei Hans Tschanz, Tschanz-Treuhand AG,Postfach, 3250 Lyss kostenlos bezogen werden kann.<\/p>\n","protected":false},"author":1,"featured_media":0,"parent":0,"menu_order":0,"comment_status":"closed","ping_status":"closed","template":"","meta":{"footnotes":""},"_links":{"self":[{"href":"https:\/\/www.psbern.ch\/index.php\/wp-json\/wp\/v2\/pages\/63"}],"collection":[{"href":"https:\/\/www.psbern.ch\/index.php\/wp-json\/wp\/v2\/pages"}],"about":[{"href":"https:\/\/www.psbern.ch\/index.php\/wp-json\/wp\/v2\/types\/page"}],"author":[{"embeddable":true,"href":"https:\/\/www.psbern.ch\/index.php\/wp-json\/wp\/v2\/users\/1"}],"replies":[{"embeddable":true,"href":"https:\/\/www.psbern.ch\/index.php\/wp-json\/wp\/v2\/comments?post=63"}],"version-history":[{"count":13,"href":"https:\/\/www.psbern.ch\/index.php\/wp-json\/wp\/v2\/pages\/63\/revisions"}],"predecessor-version":[{"id":373,"href":"https:\/\/www.psbern.ch\/index.php\/wp-json\/wp\/v2\/pages\/63\/revisions\/373"}],"wp:attachment":[{"href":"https:\/\/www.psbern.ch\/index.php\/wp-json\/wp\/v2\/media?parent=63"}],"curies":[{"name":"wp","href":"https:\/\/api.w.org\/{rel}","templated":true}]}}