{"id":66,"date":"2019-12-27T21:22:42","date_gmt":"2019-12-27T21:22:42","guid":{"rendered":"http:\/\/www.psbern.ch\/?page_id=66"},"modified":"2025-12-15T08:36:41","modified_gmt":"2025-12-15T08:36:41","slug":"die-mitglieder-des-komitees","status":"publish","type":"page","link":"https:\/\/www.psbern.ch\/index.php\/die-mitglieder-des-komitees\/","title":{"rendered":"Mitglieder Vorstand und Komitee"},"content":{"rendered":"\t\t<div data-elementor-type=\"wp-page\" data-elementor-id=\"66\" class=\"elementor elementor-66\" data-elementor-settings=\"[]\">\n\t\t\t\t\t\t<div class=\"elementor-inner\">\n\t\t\t\t\t\t\t<div class=\"elementor-section-wrap\">\n\t\t\t\t\t\t\t<section class=\"elementor-section elementor-top-section elementor-element elementor-element-12d4b07 elementor-section-boxed elementor-section-height-default elementor-section-height-default\" data-id=\"12d4b07\" data-element_type=\"section\">\n\t\t\t\t\t\t<div class=\"elementor-container elementor-column-gap-default\">\n\t\t\t\t\t\t\t<div class=\"elementor-row\">\n\t\t\t\t\t<div class=\"elementor-column elementor-col-100 elementor-top-column elementor-element elementor-element-bb30e18\" data-id=\"bb30e18\" data-element_type=\"column\">\n\t\t\t<div class=\"elementor-column-wrap elementor-element-populated\">\n\t\t\t\t\t\t\t<div class=\"elementor-widget-wrap\">\n\t\t\t\t\t\t<div class=\"elementor-element elementor-element-bb4df23 elementor-widget elementor-widget-spacer\" data-id=\"bb4df23\" data-element_type=\"widget\" data-widget_type=\"spacer.default\">\n\t\t\t\t<div class=\"elementor-widget-container\">\n\t\t\t\t\t<div class=\"elementor-spacer\">\n\t\t\t<div class=\"elementor-spacer-inner\"><\/div>\n\t\t<\/div>\n\t\t\t\t<\/div>\n\t\t\t\t<\/div>\n\t\t\t\t\t\t<\/div>\n\t\t\t\t\t<\/div>\n\t\t<\/div>\n\t\t\t\t\t\t\t\t<\/div>\n\t\t\t\t\t<\/div>\n\t\t<\/section>\n\t\t\t\t<section class=\"elementor-section elementor-top-section elementor-element elementor-element-46b75f2 elementor-section-boxed elementor-section-height-default elementor-section-height-default\" data-id=\"46b75f2\" data-element_type=\"section\">\n\t\t\t\t\t\t<div class=\"elementor-container elementor-column-gap-default\">\n\t\t\t\t\t\t\t<div class=\"elementor-row\">\n\t\t\t\t\t<div class=\"elementor-column elementor-col-50 elementor-top-column elementor-element elementor-element-a081569\" data-id=\"a081569\" data-element_type=\"column\">\n\t\t\t<div class=\"elementor-column-wrap elementor-element-populated\">\n\t\t\t\t\t\t\t<div class=\"elementor-widget-wrap\">\n\t\t\t\t\t\t<div class=\"elementor-element elementor-element-81924eb elementor-widget elementor-widget-heading\" data-id=\"81924eb\" data-element_type=\"widget\" data-widget_type=\"heading.default\">\n\t\t\t\t<div class=\"elementor-widget-container\">\n\t\t\t<h3 class=\"elementor-heading-title elementor-size-default\">Vorstand<\/h3>\t\t<\/div>\n\t\t\t\t<\/div>\n\t\t\t\t<div class=\"elementor-element elementor-element-8303aba elementor-widget elementor-widget-text-editor\" data-id=\"8303aba\" data-element_type=\"widget\" data-widget_type=\"text-editor.default\">\n\t\t\t\t<div class=\"elementor-widget-container\">\n\t\t\t\t\t<div class=\"elementor-text-editor elementor-clearfix\"><p><strong>Andreas<\/strong><b> Zeller<\/b>, Pfarrer, Pr\u00e4sident, M\u00fcnsingen<\/p><p><strong>Adrian Tschanz<\/strong>, Kassier, Lyss<\/p><p><strong>K\u00e4thy Buntschu<\/strong>, Sekret\u00e4rin, Boll<\/p><p><strong>Dr. Andreas U. Schmid<\/strong>, Synodalrat, Bern<\/p><p><strong>Christoph Wyttenbach<\/strong>, Notar, Bremgarten<\/p><\/div>\n\t\t\t\t<\/div>\n\t\t\t\t<\/div>\n\t\t\t\t\t\t<\/div>\n\t\t\t\t\t<\/div>\n\t\t<\/div>\n\t\t\t\t<div class=\"elementor-column elementor-col-50 elementor-top-column elementor-element elementor-element-c9d3a99\" data-id=\"c9d3a99\" data-element_type=\"column\">\n\t\t\t<div class=\"elementor-column-wrap elementor-element-populated\">\n\t\t\t\t\t\t\t<div class=\"elementor-widget-wrap\">\n\t\t\t\t\t\t<div class=\"elementor-element elementor-element-02e3518 elementor-widget elementor-widget-heading\" data-id=\"02e3518\" data-element_type=\"widget\" data-widget_type=\"heading.default\">\n\t\t\t\t<div class=\"elementor-widget-container\">\n\t\t\t<h3 class=\"elementor-heading-title elementor-size-default\">Komitee<\/h3>\t\t<\/div>\n\t\t\t\t<\/div>\n\t\t\t\t<div class=\"elementor-element elementor-element-3184b99 elementor-widget elementor-widget-text-editor\" data-id=\"3184b99\" data-element_type=\"widget\" data-widget_type=\"text-editor.default\">\n\t\t\t\t<div class=\"elementor-widget-container\">\n\t\t\t\t\t<div class=\"elementor-text-editor elementor-clearfix\"><p><strong>Annemarie Fl\u00fcckiger<\/strong>, Bern<\/p><p><strong>Ursula Hadorn<\/strong>, Schangnau<\/p><p><strong>Christophe Kull<\/strong>, Bern<\/p><p><strong>Margret Nyfeler-B\u00f6gli<\/strong>, Gondiswil<\/p><p><strong>Daniel de Roche<\/strong>, Pfarrer, Nidau<\/p><p><strong>Nico Tobias Sieber<\/strong>, Pohlern<\/p><p><strong>Fritz Wunderli<\/strong>, Schwarzenburg<\/p><p><strong>Johannes Zimmermann<\/strong>, Pfarrer, L\u00fctzelfl\u00fch<\/p><\/div>\n\t\t\t\t<\/div>\n\t\t\t\t<\/div>\n\t\t\t\t\t\t<\/div>\n\t\t\t\t\t<\/div>\n\t\t<\/div>\n\t\t\t\t\t\t\t\t<\/div>\n\t\t\t\t\t<\/div>\n\t\t<\/section>\n\t\t\t\t<section class=\"elementor-section elementor-top-section elementor-element elementor-element-efd5e3b elementor-section-boxed elementor-section-height-default elementor-section-height-default\" data-id=\"efd5e3b\" data-element_type=\"section\">\n\t\t\t\t\t\t<div class=\"elementor-container elementor-column-gap-default\">\n\t\t\t\t\t\t\t<div class=\"elementor-row\">\n\t\t\t\t\t<div class=\"elementor-column elementor-col-100 elementor-top-column elementor-element elementor-element-d15aac6\" data-id=\"d15aac6\" data-element_type=\"column\">\n\t\t\t<div class=\"elementor-column-wrap elementor-element-populated\">\n\t\t\t\t\t\t\t<div class=\"elementor-widget-wrap\">\n\t\t\t\t\t\t<div class=\"elementor-element elementor-element-f7cae7d elementor-widget elementor-widget-spacer\" data-id=\"f7cae7d\" data-element_type=\"widget\" data-widget_type=\"spacer.default\">\n\t\t\t\t<div class=\"elementor-widget-container\">\n\t\t\t\t\t<div class=\"elementor-spacer\">\n\t\t\t<div class=\"elementor-spacer-inner\"><\/div>\n\t\t<\/div>\n\t\t\t\t<\/div>\n\t\t\t\t<\/div>\n\t\t\t\t<div class=\"elementor-element elementor-element-dc2439e elementor-widget elementor-widget-spacer\" data-id=\"dc2439e\" data-element_type=\"widget\" data-widget_type=\"spacer.default\">\n\t\t\t\t<div class=\"elementor-widget-container\">\n\t\t\t\t\t<div class=\"elementor-spacer\">\n\t\t\t<div class=\"elementor-spacer-inner\"><\/div>\n\t\t<\/div>\n\t\t\t\t<\/div>\n\t\t\t\t<\/div>\n\t\t\t\t\t\t<\/div>\n\t\t\t\t\t<\/div>\n\t\t<\/div>\n\t\t\t\t\t\t\t\t<\/div>\n\t\t\t\t\t<\/div>\n\t\t<\/section>\n\t\t\t\t\t\t<\/div>\n\t\t\t\t\t\t<\/div>\n\t\t\t\t\t<\/div>\n\t\t","protected":false},"excerpt":{"rendered":"<p>Vorstand Andreas Zeller, Pfarrer, Pr\u00e4sident, M\u00fcnsingen Adrian Tschanz, Kassier, Lyss K\u00e4thy Buntschu, Sekret\u00e4rin, Boll Dr. Andreas U. Schmid, Synodalrat, Bern Christoph Wyttenbach, Notar, Bremgarten Komitee Annemarie Fl\u00fcckiger, Bern Ursula Hadorn, Schangnau Christophe Kull, Bern Margret Nyfeler-B\u00f6gli, Gondiswil Daniel de Roche, Pfarrer, Nidau Nico Tobias Sieber, Pohlern Fritz Wunderli, Schwarzenburg Johannes Zimmermann, Pfarrer, L\u00fctzelfl\u00fch<\/p>\n","protected":false},"author":1,"featured_media":0,"parent":0,"menu_order":0,"comment_status":"closed","ping_status":"closed","template":"","meta":{"footnotes":""},"_links":{"self":[{"href":"https:\/\/www.psbern.ch\/index.php\/wp-json\/wp\/v2\/pages\/66"}],"collection":[{"href":"https:\/\/www.psbern.ch\/index.php\/wp-json\/wp\/v2\/pages"}],"about":[{"href":"https:\/\/www.psbern.ch\/index.php\/wp-json\/wp\/v2\/types\/page"}],"author":[{"embeddable":true,"href":"https:\/\/www.psbern.ch\/index.php\/wp-json\/wp\/v2\/users\/1"}],"replies":[{"embeddable":true,"href":"https:\/\/www.psbern.ch\/index.php\/wp-json\/wp\/v2\/comments?post=66"}],"version-history":[{"count":58,"href":"https:\/\/www.psbern.ch\/index.php\/wp-json\/wp\/v2\/pages\/66\/revisions"}],"predecessor-version":[{"id":477,"href":"https:\/\/www.psbern.ch\/index.php\/wp-json\/wp\/v2\/pages\/66\/revisions\/477"}],"wp:attachment":[{"href":"https:\/\/www.psbern.ch\/index.php\/wp-json\/wp\/v2\/media?parent=66"}],"curies":[{"name":"wp","href":"https:\/\/api.w.org\/{rel}","templated":true}]}}