{"id":74,"date":"2019-12-27T21:42:15","date_gmt":"2019-12-27T21:42:15","guid":{"rendered":"http:\/\/www.psbern.ch\/?page_id=74"},"modified":"2020-04-28T13:21:18","modified_gmt":"2020-04-28T13:21:18","slug":"zweigvereine-organisationen","status":"publish","type":"page","link":"https:\/\/www.psbern.ch\/index.php\/zweigvereine-organisationen\/","title":{"rendered":"Organisation"},"content":{"rendered":"\t\t<div data-elementor-type=\"wp-page\" data-elementor-id=\"74\" class=\"elementor elementor-74\" data-elementor-settings=\"[]\">\n\t\t\t\t\t\t<div class=\"elementor-inner\">\n\t\t\t\t\t\t\t<div class=\"elementor-section-wrap\">\n\t\t\t\t\t\t\t<section class=\"elementor-section elementor-top-section elementor-element elementor-element-7673cea5 elementor-section-content-middle elementor-section-boxed elementor-section-height-default elementor-section-height-default\" data-id=\"7673cea5\" data-element_type=\"section\">\n\t\t\t\t\t\t<div class=\"elementor-container elementor-column-gap-default\">\n\t\t\t\t\t\t\t<div class=\"elementor-row\">\n\t\t\t\t\t<div class=\"elementor-column elementor-col-100 elementor-top-column elementor-element elementor-element-4c398bd\" data-id=\"4c398bd\" data-element_type=\"column\">\n\t\t\t<div class=\"elementor-column-wrap elementor-element-populated\">\n\t\t\t\t\t\t\t<div class=\"elementor-widget-wrap\">\n\t\t\t\t\t\t<div class=\"elementor-element elementor-element-e4e5420 elementor-widget elementor-widget-spacer\" data-id=\"e4e5420\" data-element_type=\"widget\" data-widget_type=\"spacer.default\">\n\t\t\t\t<div class=\"elementor-widget-container\">\n\t\t\t\t\t<div class=\"elementor-spacer\">\n\t\t\t<div class=\"elementor-spacer-inner\"><\/div>\n\t\t<\/div>\n\t\t\t\t<\/div>\n\t\t\t\t<\/div>\n\t\t\t\t<div class=\"elementor-element elementor-element-44a78c9 elementor-widget elementor-widget-text-editor\" data-id=\"44a78c9\" data-element_type=\"widget\" data-widget_type=\"text-editor.default\">\n\t\t\t\t<div class=\"elementor-widget-container\">\n\t\t\t\t\t<div class=\"elementor-text-editor elementor-clearfix\"><p>Die Protestantische Solidarit\u00e4t Bern ist ein Verein, der durch einen Vorstand geleitet wird. Ein breit abgest\u00fctztes Komitee beschliesst \u00fcber die Gesuche.<\/p><p>Bis M\u00e4rz 2020 gab es verschiedene Untervereine, die fr\u00fcher Zweigvereine hiessen, so die Zweigvereine Emmental, Mittelland und Oberland.\u00a0<\/p><p>Mitglieder sind:<\/p><ul><li><b>Die Reformierten Kirchen Bern-Jura-Solothurn.<\/b><\/li><li><b>Kirchgemeinden und Einzelpersonen<\/b>.<\/li><\/ul><\/div>\n\t\t\t\t<\/div>\n\t\t\t\t<\/div>\n\t\t\t\t<div class=\"elementor-element elementor-element-8b6757e elementor-widget elementor-widget-spacer\" data-id=\"8b6757e\" data-element_type=\"widget\" data-widget_type=\"spacer.default\">\n\t\t\t\t<div class=\"elementor-widget-container\">\n\t\t\t\t\t<div class=\"elementor-spacer\">\n\t\t\t<div class=\"elementor-spacer-inner\"><\/div>\n\t\t<\/div>\n\t\t\t\t<\/div>\n\t\t\t\t<\/div>\n\t\t\t\t\t\t<\/div>\n\t\t\t\t\t<\/div>\n\t\t<\/div>\n\t\t\t\t\t\t\t\t<\/div>\n\t\t\t\t\t<\/div>\n\t\t<\/section>\n\t\t\t\t\t\t<\/div>\n\t\t\t\t\t\t<\/div>\n\t\t\t\t\t<\/div>\n\t\t","protected":false},"excerpt":{"rendered":"<p>Die Protestantische Solidarit\u00e4t Bern ist ein Verein, der durch einen Vorstand geleitet wird. Ein breit abgest\u00fctztes Komitee beschliesst \u00fcber die Gesuche. Bis M\u00e4rz 2020 gab es verschiedene Untervereine, die fr\u00fcher Zweigvereine hiessen, so die Zweigvereine Emmental, Mittelland und Oberland.\u00a0 Mitglieder sind: Die Reformierten Kirchen Bern-Jura-Solothurn. Kirchgemeinden und Einzelpersonen.<\/p>\n","protected":false},"author":1,"featured_media":0,"parent":0,"menu_order":0,"comment_status":"closed","ping_status":"closed","template":"","meta":{"footnotes":""},"_links":{"self":[{"href":"https:\/\/www.psbern.ch\/index.php\/wp-json\/wp\/v2\/pages\/74"}],"collection":[{"href":"https:\/\/www.psbern.ch\/index.php\/wp-json\/wp\/v2\/pages"}],"about":[{"href":"https:\/\/www.psbern.ch\/index.php\/wp-json\/wp\/v2\/types\/page"}],"author":[{"embeddable":true,"href":"https:\/\/www.psbern.ch\/index.php\/wp-json\/wp\/v2\/users\/1"}],"replies":[{"embeddable":true,"href":"https:\/\/www.psbern.ch\/index.php\/wp-json\/wp\/v2\/comments?post=74"}],"version-history":[{"count":9,"href":"https:\/\/www.psbern.ch\/index.php\/wp-json\/wp\/v2\/pages\/74\/revisions"}],"predecessor-version":[{"id":286,"href":"https:\/\/www.psbern.ch\/index.php\/wp-json\/wp\/v2\/pages\/74\/revisions\/286"}],"wp:attachment":[{"href":"https:\/\/www.psbern.ch\/index.php\/wp-json\/wp\/v2\/media?parent=74"}],"curies":[{"name":"wp","href":"https:\/\/api.w.org\/{rel}","templated":true}]}}