{"id":86,"date":"2019-12-27T21:56:08","date_gmt":"2019-12-27T21:56:08","guid":{"rendered":"http:\/\/www.psbern.ch\/?page_id=86"},"modified":"2023-01-20T09:28:17","modified_gmt":"2023-01-20T09:28:17","slug":"kontakt","status":"publish","type":"page","link":"https:\/\/www.psbern.ch\/index.php\/kontakt\/","title":{"rendered":"Kontakt"},"content":{"rendered":"\t\t<div data-elementor-type=\"wp-page\" data-elementor-id=\"86\" class=\"elementor elementor-86\" data-elementor-settings=\"[]\">\n\t\t\t\t\t\t<div class=\"elementor-inner\">\n\t\t\t\t\t\t\t<div class=\"elementor-section-wrap\">\n\t\t\t\t\t\t\t<section class=\"elementor-section elementor-top-section elementor-element elementor-element-2edbd2c4 elementor-section-boxed elementor-section-height-default elementor-section-height-default\" data-id=\"2edbd2c4\" data-element_type=\"section\">\n\t\t\t\t\t\t<div class=\"elementor-container elementor-column-gap-default\">\n\t\t\t\t\t\t\t<div class=\"elementor-row\">\n\t\t\t\t\t<div class=\"elementor-column elementor-col-100 elementor-top-column elementor-element elementor-element-37635897\" data-id=\"37635897\" data-element_type=\"column\">\n\t\t\t<div class=\"elementor-column-wrap elementor-element-populated\">\n\t\t\t\t\t\t\t<div class=\"elementor-widget-wrap\">\n\t\t\t\t\t\t<div class=\"elementor-element elementor-element-9465b4c elementor-widget elementor-widget-spacer\" data-id=\"9465b4c\" data-element_type=\"widget\" data-widget_type=\"spacer.default\">\n\t\t\t\t<div class=\"elementor-widget-container\">\n\t\t\t\t\t<div class=\"elementor-spacer\">\n\t\t\t<div class=\"elementor-spacer-inner\"><\/div>\n\t\t<\/div>\n\t\t\t\t<\/div>\n\t\t\t\t<\/div>\n\t\t\t\t<div class=\"elementor-element elementor-element-58446f8d elementor-widget elementor-widget-text-editor\" data-id=\"58446f8d\" data-element_type=\"widget\" data-widget_type=\"text-editor.default\">\n\t\t\t\t<div class=\"elementor-widget-container\">\n\t\t\t\t\t<div class=\"elementor-text-editor elementor-clearfix\"><p class=\"paragraph_style_8\">Bitte wenden Sie sich bei Mitgliedschaftsantr\u00e4gen, Spendengesuchen, Anregungen oder Fragen an:<\/p><p>Pfarrer Andreas Zeller, Pr\u00e4sident<\/p><p>Innerer Giessenweg 39<\/p><p>3110 M\u00fcnsingen<\/p><p><em><strong><a class=\"class10\" title=\"mailto:alfred@mueller-siegrist.ch\" href=\"mailto:andreas.zeller20@gmx.ch\">andreas.zeller20 (at) gmx.ch<\/a><\/strong><\/em><\/p><p>031 721 96 27<\/p><\/div>\n\t\t\t\t<\/div>\n\t\t\t\t<\/div>\n\t\t\t\t\t\t<\/div>\n\t\t\t\t\t<\/div>\n\t\t<\/div>\n\t\t\t\t\t\t\t\t<\/div>\n\t\t\t\t\t<\/div>\n\t\t<\/section>\n\t\t\t\t<section class=\"elementor-section elementor-top-section elementor-element elementor-element-f9164d2 elementor-section-boxed elementor-section-height-default elementor-section-height-default\" data-id=\"f9164d2\" data-element_type=\"section\">\n\t\t\t\t\t\t<div class=\"elementor-container elementor-column-gap-default\">\n\t\t\t\t\t\t\t<div class=\"elementor-row\">\n\t\t\t\t\t<div class=\"elementor-column elementor-col-100 elementor-top-column elementor-element elementor-element-bb00bcd\" data-id=\"bb00bcd\" data-element_type=\"column\">\n\t\t\t<div class=\"elementor-column-wrap elementor-element-populated\">\n\t\t\t\t\t\t\t<div class=\"elementor-widget-wrap\">\n\t\t\t\t\t\t<div class=\"elementor-element elementor-element-4b8b697 elementor-widget elementor-widget-spacer\" data-id=\"4b8b697\" data-element_type=\"widget\" data-widget_type=\"spacer.default\">\n\t\t\t\t<div class=\"elementor-widget-container\">\n\t\t\t\t\t<div class=\"elementor-spacer\">\n\t\t\t<div class=\"elementor-spacer-inner\"><\/div>\n\t\t<\/div>\n\t\t\t\t<\/div>\n\t\t\t\t<\/div>\n\t\t\t\t\t\t<\/div>\n\t\t\t\t\t<\/div>\n\t\t<\/div>\n\t\t\t\t\t\t\t\t<\/div>\n\t\t\t\t\t<\/div>\n\t\t<\/section>\n\t\t\t\t\t\t<\/div>\n\t\t\t\t\t\t<\/div>\n\t\t\t\t\t<\/div>\n\t\t","protected":false},"excerpt":{"rendered":"<p>Bitte wenden Sie sich bei Mitgliedschaftsantr\u00e4gen, Spendengesuchen, Anregungen oder Fragen an: Pfarrer Andreas Zeller, Pr\u00e4sident Innerer Giessenweg 39 3110 M\u00fcnsingen andreas.zeller20 (at) gmx.ch 031 721 96 27<\/p>\n","protected":false},"author":1,"featured_media":0,"parent":0,"menu_order":0,"comment_status":"closed","ping_status":"closed","template":"","meta":{"footnotes":""},"_links":{"self":[{"href":"https:\/\/www.psbern.ch\/index.php\/wp-json\/wp\/v2\/pages\/86"}],"collection":[{"href":"https:\/\/www.psbern.ch\/index.php\/wp-json\/wp\/v2\/pages"}],"about":[{"href":"https:\/\/www.psbern.ch\/index.php\/wp-json\/wp\/v2\/types\/page"}],"author":[{"embeddable":true,"href":"https:\/\/www.psbern.ch\/index.php\/wp-json\/wp\/v2\/users\/1"}],"replies":[{"embeddable":true,"href":"https:\/\/www.psbern.ch\/index.php\/wp-json\/wp\/v2\/comments?post=86"}],"version-history":[{"count":16,"href":"https:\/\/www.psbern.ch\/index.php\/wp-json\/wp\/v2\/pages\/86\/revisions"}],"predecessor-version":[{"id":370,"href":"https:\/\/www.psbern.ch\/index.php\/wp-json\/wp\/v2\/pages\/86\/revisions\/370"}],"wp:attachment":[{"href":"https:\/\/www.psbern.ch\/index.php\/wp-json\/wp\/v2\/media?parent=86"}],"curies":[{"name":"wp","href":"https:\/\/api.w.org\/{rel}","templated":true}]}}